{"id":13687,"date":"2021-11-15T19:23:06","date_gmt":"2021-11-15T19:23:06","guid":{"rendered":"https:\/\/www.dexis-iberica.com\/servicios-y-soluciones\/formacion-dexis\/catalogo-cursos-safety\/especificos-de-prl\/"},"modified":"2025-12-16T14:43:00","modified_gmt":"2025-12-16T14:43:00","slug":"especificos-de-prl","status":"publish","type":"page","link":"https:\/\/www.dexis-iberica.com\/en\/services-and-solutions\/dexis-training\/safety-course-catalogue\/especificos-de-prl\/","title":{"rendered":"Espec\u00edficos de PRL"},"content":{"rendered":"\t\t<div data-elementor-type=\"wp-post\" data-elementor-id=\"13687\" class=\"elementor elementor-13687 elementor-6418\" data-elementor-post-type=\"page\">\n\t\t\t\t\t\t<section class=\"elementor-section elementor-top-section elementor-element elementor-element-16c8129 elementor-section-full_width elementor-section-stretched elementor-section-height-default elementor-section-height-default\" data-id=\"16c8129\" data-element_type=\"section\" data-e-type=\"section\" data-settings=\"{&quot;stretch_section&quot;:&quot;section-stretched&quot;,&quot;background_background&quot;:&quot;classic&quot;}\">\n\t\t\t\t\t\t<div class=\"elementor-container elementor-column-gap-default\">\n\t\t\t\t\t<div class=\"elementor-column elementor-col-100 elementor-top-column elementor-element elementor-element-6507627\" data-id=\"6507627\" data-element_type=\"column\" data-e-type=\"column\">\n\t\t\t<div class=\"elementor-widget-wrap\">\n\t\t\t\t\t\t\t<\/div>\n\t\t<\/div>\n\t\t\t\t\t<\/div>\n\t\t<\/section>\n\t\t\t\t<section class=\"elementor-section elementor-top-section elementor-element elementor-element-3999ddd elementor-section-boxed elementor-section-height-default elementor-section-height-default\" data-id=\"3999ddd\" data-element_type=\"section\" data-e-type=\"section\" data-settings=\"{&quot;background_background&quot;:&quot;classic&quot;}\">\n\t\t\t\t\t\t<div class=\"elementor-container elementor-column-gap-default\">\n\t\t\t\t\t<div class=\"elementor-column elementor-col-100 elementor-top-column elementor-element elementor-element-8334749\" data-id=\"8334749\" data-element_type=\"column\" data-e-type=\"column\">\n\t\t\t<div class=\"elementor-widget-wrap elementor-element-populated\">\n\t\t\t\t\t\t<div class=\"elementor-element elementor-element-32d9bbd elementor-headline--style-highlight elementor-widget elementor-widget-animated-headline\" data-id=\"32d9bbd\" data-element_type=\"widget\" data-e-type=\"widget\" data-settings=\"{&quot;marker&quot;:&quot;underline&quot;,&quot;highlighted_text&quot;:&quot;PRL&quot;,&quot;headline_style&quot;:&quot;highlight&quot;,&quot;loop&quot;:&quot;yes&quot;,&quot;highlight_animation_duration&quot;:1200,&quot;highlight_iteration_delay&quot;:8000}\" data-widget_type=\"animated-headline.default\">\n\t\t\t\t<div class=\"elementor-widget-container\">\n\t\t\t\t\t\t\t<h3 class=\"elementor-headline\">\n\t\t\t\t\t<span class=\"elementor-headline-plain-text elementor-headline-text-wrapper\">Cursos homologados<\/span>\n\t\t\t\t<span class=\"elementor-headline-dynamic-wrapper elementor-headline-text-wrapper\">\n\t\t\t\t\t<span class=\"elementor-headline-dynamic-text elementor-headline-text-active\">PRL<\/span>\n\t\t\t\t<\/span>\n\t\t\t\t<\/h3>\n\t\t\t\t\t\t<\/div>\n\t\t\t\t<\/div>\n\t\t\t\t<section class=\"elementor-section elementor-inner-section elementor-element elementor-element-7036c4a elementor-section-boxed elementor-section-height-default elementor-section-height-default\" data-id=\"7036c4a\" data-element_type=\"section\" data-e-type=\"section\">\n\t\t\t\t\t\t<div class=\"elementor-container elementor-column-gap-no\">\n\t\t\t\t\t<div class=\"elementor-column elementor-col-50 elementor-inner-column elementor-element elementor-element-312ee9a\" data-id=\"312ee9a\" data-element_type=\"column\" data-e-type=\"column\" data-settings=\"{&quot;background_background&quot;:&quot;classic&quot;}\">\n\t\t\t<div class=\"elementor-widget-wrap elementor-element-populated\">\n\t\t\t\t\t\t<div class=\"elementor-element elementor-element-fe85234 elementor-widget elementor-widget-heading\" data-id=\"fe85234\" data-element_type=\"widget\" data-e-type=\"widget\" data-widget_type=\"heading.default\">\n\t\t\t\t<div class=\"elementor-widget-container\">\n\t\t\t\t\t<h3 class=\"elementor-heading-title elementor-size-default\">FORMACI\u00d3N Y MEJORA CONTINUA<\/h3>\t\t\t\t<\/div>\n\t\t\t\t<\/div>\n\t\t\t\t<div class=\"elementor-element elementor-element-22ca341 elementor-widget elementor-widget-heading\" data-id=\"22ca341\" data-element_type=\"widget\" data-e-type=\"widget\" data-widget_type=\"heading.default\">\n\t\t\t\t<div class=\"elementor-widget-container\">\n\t\t\t\t\t<h2 class=\"elementor-heading-title elementor-size-default\">Formaci\u00f3n espec\u00edfica y homolagada de PRL<\/h2>\t\t\t\t<\/div>\n\t\t\t\t<\/div>\n\t\t\t\t<div class=\"elementor-element elementor-element-ed0b965 elementor-widget elementor-widget-text-editor\" data-id=\"ed0b965\" data-element_type=\"widget\" data-e-type=\"widget\" data-widget_type=\"text-editor.default\">\n\t\t\t\t<div class=\"elementor-widget-container\">\n\t\t\t\t\t\t\t\t\t<p>Aprende sobre la normativa en materia de riesgos, la gesti\u00f3n, evaluaci\u00f3n y mejora de la prevenci\u00f3n, as\u00ed como la organizaci\u00f3n de procesos y del trabajo con las condiciones de seguridad, se\u00f1alizaci\u00f3n y protecci\u00f3n adecuadas.<\/p>\t\t\t\t\t\t\t\t<\/div>\n\t\t\t\t<\/div>\n\t\t\t\t\t<\/div>\n\t\t<\/div>\n\t\t\t\t<div class=\"elementor-column elementor-col-50 elementor-inner-column elementor-element elementor-element-ee116c7\" data-id=\"ee116c7\" data-element_type=\"column\" data-e-type=\"column\">\n\t\t\t<div class=\"elementor-widget-wrap elementor-element-populated\">\n\t\t\t\t\t\t<div class=\"elementor-element elementor-element-c3cd022 elementor-widget elementor-widget-image\" data-id=\"c3cd022\" data-element_type=\"widget\" data-e-type=\"widget\" data-widget_type=\"image.default\">\n\t\t\t\t<div class=\"elementor-widget-container\">\n\t\t\t\t\t\t\t\t\t\t\t\t\t\t\t<img decoding=\"async\" src=\"https:\/\/www.dexis-iberica.com\/test\/wp-content\/uploads\/elementor\/thumbs\/plr-qq8xkvz3g24yzbffbut68rnpx7i3px5vr8ect0ei4g.jpeg\" title=\"Fire extinguishers on a fire background. Various types and diffe\" alt=\"Fire extinguishers on a fire background. Various types and different sizes of extinguishers.\" loading=\"lazy\" \/>\t\t\t\t\t\t\t\t\t\t\t\t\t\t\t<\/div>\n\t\t\t\t<\/div>\n\t\t\t\t\t<\/div>\n\t\t<\/div>\n\t\t\t\t\t<\/div>\n\t\t<\/section>\n\t\t\t\t\t<\/div>\n\t\t<\/div>\n\t\t\t\t\t<\/div>\n\t\t<\/section>\n\t\t\t\t<section class=\"elementor-section elementor-top-section elementor-element elementor-element-3311a4b elementor-section-boxed elementor-section-height-default elementor-section-height-default\" data-id=\"3311a4b\" data-element_type=\"section\" data-e-type=\"section\" data-settings=\"{&quot;background_background&quot;:&quot;classic&quot;}\">\n\t\t\t\t\t\t<div class=\"elementor-container elementor-column-gap-default\">\n\t\t\t\t\t<div class=\"elementor-column elementor-col-100 elementor-top-column elementor-element elementor-element-638517f\" data-id=\"638517f\" data-element_type=\"column\" data-e-type=\"column\">\n\t\t\t<div class=\"elementor-widget-wrap elementor-element-populated\">\n\t\t\t\t\t\t<div class=\"elementor-element elementor-element-cc6b133 elementor-widget elementor-widget-heading\" data-id=\"cc6b133\" data-element_type=\"widget\" data-e-type=\"widget\" data-widget_type=\"heading.default\">\n\t\t\t\t<div class=\"elementor-widget-container\">\n\t\t\t\t\t<h2 class=\"elementor-heading-title elementor-size-default\">Cat\u00e1logo de cursos PRL 2026\n<\/h2>\t\t\t\t<\/div>\n\t\t\t\t<\/div>\n\t\t\t\t\t<\/div>\n\t\t<\/div>\n\t\t\t\t\t<\/div>\n\t\t<\/section>\n\t\t\t\t<section class=\"elementor-section elementor-top-section elementor-element elementor-element-66cfed5 elementor-section-full_width elementor-section-stretched elementor-section-height-default elementor-section-height-default\" data-id=\"66cfed5\" data-element_type=\"section\" data-e-type=\"section\" data-settings=\"{&quot;stretch_section&quot;:&quot;section-stretched&quot;}\">\n\t\t\t\t\t\t\t<div class=\"elementor-background-overlay\"><\/div>\n\t\t\t\t\t\t\t<div class=\"elementor-container elementor-column-gap-no\">\n\t\t\t\t\t<div class=\"elementor-column elementor-col-100 elementor-top-column elementor-element elementor-element-d53c4d6\" data-id=\"d53c4d6\" data-element_type=\"column\" data-e-type=\"column\">\n\t\t\t<div class=\"elementor-widget-wrap elementor-element-populated\">\n\t\t\t\t\t\t<section class=\"elementor-section elementor-inner-section elementor-element elementor-element-d58dc4c elementor-section-boxed elementor-section-height-default elementor-section-height-default\" data-id=\"d58dc4c\" data-element_type=\"section\" data-e-type=\"section\">\n\t\t\t\t\t\t<div class=\"elementor-container elementor-column-gap-default\">\n\t\t\t\t\t<div class=\"elementor-column elementor-col-100 elementor-inner-column elementor-element elementor-element-e85edfd\" data-id=\"e85edfd\" data-element_type=\"column\" data-e-type=\"column\">\n\t\t\t<div class=\"elementor-widget-wrap elementor-element-populated\">\n\t\t\t\t\t\t<div class=\"elementor-element elementor-element-65eac6b elementor-widget elementor-widget-shortcode\" data-id=\"65eac6b\" data-element_type=\"widget\" data-e-type=\"widget\" data-widget_type=\"shortcode.default\">\n\t\t\t\t<div class=\"elementor-widget-container\">\n\t\t\t\t\t<div class=\"row hover-effects image-hover row-safety\"><\/div>\t\t<div class=\"elementor-shortcode\"><\/div>\n\t\t\t\t\t\t<\/div>\n\t\t\t\t<\/div>\n\t\t\t\t\t<\/div>\n\t\t<\/div>\n\t\t\t\t\t<\/div>\n\t\t<\/section>\n\t\t\t\t\t<\/div>\n\t\t<\/div>\n\t\t\t\t\t<\/div>\n\t\t<\/section>\n\t\t\t\t<\/div>\n\t\t","protected":false},"excerpt":{"rendered":"<p>Cursos homologados PRL FORMACI\u00d3N Y MEJORA CONTINUA Formaci\u00f3n espec\u00edfica y homolagada de PRL Aprende sobre la normativa en materia de riesgos, la gesti\u00f3n, evaluaci\u00f3n y mejora de la prevenci\u00f3n, as\u00ed como la organizaci\u00f3n de procesos y del trabajo con las condiciones de seguridad, se\u00f1alizaci\u00f3n y protecci\u00f3n adecuadas. Cat\u00e1logo de cursos PRL 2026<\/p>\n","protected":false},"author":1,"featured_media":0,"parent":13686,"menu_order":1,"comment_status":"closed","ping_status":"closed","template":"page-templates\/page-template.php","meta":{"_acf_changed":false,"footnotes":""},"class_list":["post-13687","page","type-page","status-publish","hentry"],"acf":[],"yoast_head":"<!-- This site is optimized with the Yoast SEO plugin v27.2 - https:\/\/yoast.com\/product\/yoast-seo-wordpress\/ -->\n<title>Espec\u00edficos de PRL - Dexis Ib\u00e9rica<\/title>\n<meta name=\"robots\" content=\"index, follow, max-snippet:-1, max-image-preview:large, max-video-preview:-1\" \/>\n<link rel=\"canonical\" href=\"https:\/\/www.dexis-iberica.com\/en\/services-and-solutions\/dexis-training\/safety-course-catalogue\/especificos-de-prl\/\" \/>\n<meta property=\"og:locale\" content=\"en_US\" \/>\n<meta property=\"og:type\" content=\"article\" \/>\n<meta property=\"og:title\" content=\"Espec\u00edficos de PRL - Dexis Ib\u00e9rica\" \/>\n<meta property=\"og:description\" content=\"Cursos homologados PRL FORMACI\u00d3N Y MEJORA CONTINUA Formaci\u00f3n espec\u00edfica y homolagada de PRL Aprende sobre la normativa en materia de riesgos, la gesti\u00f3n, evaluaci\u00f3n y mejora de la prevenci\u00f3n, as\u00ed como la organizaci\u00f3n de procesos y del trabajo con las condiciones de seguridad, se\u00f1alizaci\u00f3n y protecci\u00f3n adecuadas. Cat\u00e1logo de cursos PRL 2026\" \/>\n<meta property=\"og:url\" content=\"https:\/\/www.dexis-iberica.com\/en\/services-and-solutions\/dexis-training\/safety-course-catalogue\/especificos-de-prl\/\" \/>\n<meta property=\"og:site_name\" content=\"Dexis Ib\u00e9rica\" \/>\n<meta property=\"article:modified_time\" content=\"2025-12-16T14:43:00+00:00\" \/>\n<meta property=\"og:image\" content=\"https:\/\/www.dexis-iberica.com\/test\/wp-content\/uploads\/elementor\/thumbs\/plr-qq8xkvz3g24yzbffbut68rnpx7i3px5vr8ect0eh3i.jpeg\" \/>\n<meta name=\"twitter:card\" content=\"summary_large_image\" \/>\n<meta name=\"twitter:label1\" content=\"Est. reading time\" \/>\n\t<meta name=\"twitter:data1\" content=\"2 minutes\" \/>\n<script type=\"application\/ld+json\" class=\"yoast-schema-graph\">{\"@context\":\"https:\/\/schema.org\",\"@graph\":[{\"@type\":\"WebPage\",\"@id\":\"https:\/\/www.dexis-iberica.com\/en\/services-and-solutions\/dexis-training\/safety-course-catalogue\/especificos-de-prl\/\",\"url\":\"https:\/\/www.dexis-iberica.com\/en\/services-and-solutions\/dexis-training\/safety-course-catalogue\/especificos-de-prl\/\",\"name\":\"Espec\u00edficos de PRL - Dexis Ib\u00e9rica\",\"isPartOf\":{\"@id\":\"https:\/\/www.dexis-iberica.com\/en\/#website\"},\"primaryImageOfPage\":{\"@id\":\"https:\/\/www.dexis-iberica.com\/en\/services-and-solutions\/dexis-training\/safety-course-catalogue\/especificos-de-prl\/#primaryimage\"},\"image\":{\"@id\":\"https:\/\/www.dexis-iberica.com\/en\/services-and-solutions\/dexis-training\/safety-course-catalogue\/especificos-de-prl\/#primaryimage\"},\"thumbnailUrl\":\"https:\/\/www.dexis-iberica.com\/test\/wp-content\/uploads\/elementor\/thumbs\/plr-qq8xkvz3g24yzbffbut68rnpx7i3px5vr8ect0eh3i.jpeg\",\"datePublished\":\"2021-11-15T19:23:06+00:00\",\"dateModified\":\"2025-12-16T14:43:00+00:00\",\"breadcrumb\":{\"@id\":\"https:\/\/www.dexis-iberica.com\/en\/services-and-solutions\/dexis-training\/safety-course-catalogue\/especificos-de-prl\/#breadcrumb\"},\"inLanguage\":\"en-US\",\"potentialAction\":[{\"@type\":\"ReadAction\",\"target\":[\"https:\/\/www.dexis-iberica.com\/en\/services-and-solutions\/dexis-training\/safety-course-catalogue\/especificos-de-prl\/\"]}]},{\"@type\":\"ImageObject\",\"inLanguage\":\"en-US\",\"@id\":\"https:\/\/www.dexis-iberica.com\/en\/services-and-solutions\/dexis-training\/safety-course-catalogue\/especificos-de-prl\/#primaryimage\",\"url\":\"https:\/\/www.dexis-iberica.com\/test\/wp-content\/uploads\/elementor\/thumbs\/plr-qq8xkvz3g24yzbffbut68rnpx7i3px5vr8ect0eh3i.jpeg\",\"contentUrl\":\"https:\/\/www.dexis-iberica.com\/test\/wp-content\/uploads\/elementor\/thumbs\/plr-qq8xkvz3g24yzbffbut68rnpx7i3px5vr8ect0eh3i.jpeg\"},{\"@type\":\"BreadcrumbList\",\"@id\":\"https:\/\/www.dexis-iberica.com\/en\/services-and-solutions\/dexis-training\/safety-course-catalogue\/especificos-de-prl\/#breadcrumb\",\"itemListElement\":[{\"@type\":\"ListItem\",\"position\":1,\"name\":\"Portada\",\"item\":\"https:\/\/www.dexis-iberica.com\/en\/\"},{\"@type\":\"ListItem\",\"position\":2,\"name\":\"Services and solutions\",\"item\":\"https:\/\/www.dexis-iberica.com\/en\/services-and-solutions\/\"},{\"@type\":\"ListItem\",\"position\":3,\"name\":\"Dexis training\",\"item\":\"https:\/\/www.dexis-iberica.com\/en\/services-and-solutions\/dexis-training\/\"},{\"@type\":\"ListItem\",\"position\":4,\"name\":\"Safety course catalogue\",\"item\":\"https:\/\/www.dexis-iberica.com\/en\/services-and-solutions\/dexis-training\/safety-course-catalogue\/\"},{\"@type\":\"ListItem\",\"position\":5,\"name\":\"Espec\u00edficos de PRL\"}]},{\"@type\":\"WebSite\",\"@id\":\"https:\/\/www.dexis-iberica.com\/en\/#website\",\"url\":\"https:\/\/www.dexis-iberica.com\/en\/\",\"name\":\"Dexis Ib\u00e9rica\",\"description\":\"Dexis Ib\u00e9rica\",\"potentialAction\":[{\"@type\":\"SearchAction\",\"target\":{\"@type\":\"EntryPoint\",\"urlTemplate\":\"https:\/\/www.dexis-iberica.com\/en\/?s={search_term_string}\"},\"query-input\":{\"@type\":\"PropertyValueSpecification\",\"valueRequired\":true,\"valueName\":\"search_term_string\"}}],\"inLanguage\":\"en-US\"}]}<\/script>\n<!-- \/ Yoast SEO plugin. -->","yoast_head_json":{"title":"Espec\u00edficos de PRL - Dexis Ib\u00e9rica","robots":{"index":"index","follow":"follow","max-snippet":"max-snippet:-1","max-image-preview":"max-image-preview:large","max-video-preview":"max-video-preview:-1"},"canonical":"https:\/\/www.dexis-iberica.com\/en\/services-and-solutions\/dexis-training\/safety-course-catalogue\/especificos-de-prl\/","og_locale":"en_US","og_type":"article","og_title":"Espec\u00edficos de PRL - Dexis Ib\u00e9rica","og_description":"Cursos homologados PRL FORMACI\u00d3N Y MEJORA CONTINUA Formaci\u00f3n espec\u00edfica y homolagada de PRL Aprende sobre la normativa en materia de riesgos, la gesti\u00f3n, evaluaci\u00f3n y mejora de la prevenci\u00f3n, as\u00ed como la organizaci\u00f3n de procesos y del trabajo con las condiciones de seguridad, se\u00f1alizaci\u00f3n y protecci\u00f3n adecuadas. Cat\u00e1logo de cursos PRL 2026","og_url":"https:\/\/www.dexis-iberica.com\/en\/services-and-solutions\/dexis-training\/safety-course-catalogue\/especificos-de-prl\/","og_site_name":"Dexis Ib\u00e9rica","article_modified_time":"2025-12-16T14:43:00+00:00","og_image":[{"url":"https:\/\/www.dexis-iberica.com\/test\/wp-content\/uploads\/elementor\/thumbs\/plr-qq8xkvz3g24yzbffbut68rnpx7i3px5vr8ect0eh3i.jpeg","type":"","width":"","height":""}],"twitter_card":"summary_large_image","twitter_misc":{"Est. reading time":"2 minutes"},"schema":{"@context":"https:\/\/schema.org","@graph":[{"@type":"WebPage","@id":"https:\/\/www.dexis-iberica.com\/en\/services-and-solutions\/dexis-training\/safety-course-catalogue\/especificos-de-prl\/","url":"https:\/\/www.dexis-iberica.com\/en\/services-and-solutions\/dexis-training\/safety-course-catalogue\/especificos-de-prl\/","name":"Espec\u00edficos de PRL - Dexis Ib\u00e9rica","isPartOf":{"@id":"https:\/\/www.dexis-iberica.com\/en\/#website"},"primaryImageOfPage":{"@id":"https:\/\/www.dexis-iberica.com\/en\/services-and-solutions\/dexis-training\/safety-course-catalogue\/especificos-de-prl\/#primaryimage"},"image":{"@id":"https:\/\/www.dexis-iberica.com\/en\/services-and-solutions\/dexis-training\/safety-course-catalogue\/especificos-de-prl\/#primaryimage"},"thumbnailUrl":"https:\/\/www.dexis-iberica.com\/test\/wp-content\/uploads\/elementor\/thumbs\/plr-qq8xkvz3g24yzbffbut68rnpx7i3px5vr8ect0eh3i.jpeg","datePublished":"2021-11-15T19:23:06+00:00","dateModified":"2025-12-16T14:43:00+00:00","breadcrumb":{"@id":"https:\/\/www.dexis-iberica.com\/en\/services-and-solutions\/dexis-training\/safety-course-catalogue\/especificos-de-prl\/#breadcrumb"},"inLanguage":"en-US","potentialAction":[{"@type":"ReadAction","target":["https:\/\/www.dexis-iberica.com\/en\/services-and-solutions\/dexis-training\/safety-course-catalogue\/especificos-de-prl\/"]}]},{"@type":"ImageObject","inLanguage":"en-US","@id":"https:\/\/www.dexis-iberica.com\/en\/services-and-solutions\/dexis-training\/safety-course-catalogue\/especificos-de-prl\/#primaryimage","url":"https:\/\/www.dexis-iberica.com\/test\/wp-content\/uploads\/elementor\/thumbs\/plr-qq8xkvz3g24yzbffbut68rnpx7i3px5vr8ect0eh3i.jpeg","contentUrl":"https:\/\/www.dexis-iberica.com\/test\/wp-content\/uploads\/elementor\/thumbs\/plr-qq8xkvz3g24yzbffbut68rnpx7i3px5vr8ect0eh3i.jpeg"},{"@type":"BreadcrumbList","@id":"https:\/\/www.dexis-iberica.com\/en\/services-and-solutions\/dexis-training\/safety-course-catalogue\/especificos-de-prl\/#breadcrumb","itemListElement":[{"@type":"ListItem","position":1,"name":"Portada","item":"https:\/\/www.dexis-iberica.com\/en\/"},{"@type":"ListItem","position":2,"name":"Services and solutions","item":"https:\/\/www.dexis-iberica.com\/en\/services-and-solutions\/"},{"@type":"ListItem","position":3,"name":"Dexis training","item":"https:\/\/www.dexis-iberica.com\/en\/services-and-solutions\/dexis-training\/"},{"@type":"ListItem","position":4,"name":"Safety course catalogue","item":"https:\/\/www.dexis-iberica.com\/en\/services-and-solutions\/dexis-training\/safety-course-catalogue\/"},{"@type":"ListItem","position":5,"name":"Espec\u00edficos de PRL"}]},{"@type":"WebSite","@id":"https:\/\/www.dexis-iberica.com\/en\/#website","url":"https:\/\/www.dexis-iberica.com\/en\/","name":"Dexis Ib\u00e9rica","description":"Dexis Ib\u00e9rica","potentialAction":[{"@type":"SearchAction","target":{"@type":"EntryPoint","urlTemplate":"https:\/\/www.dexis-iberica.com\/en\/?s={search_term_string}"},"query-input":{"@type":"PropertyValueSpecification","valueRequired":true,"valueName":"search_term_string"}}],"inLanguage":"en-US"}]}},"_links":{"self":[{"href":"https:\/\/www.dexis-iberica.com\/en\/wp-json\/wp\/v2\/pages\/13687","targetHints":{"allow":["GET"]}}],"collection":[{"href":"https:\/\/www.dexis-iberica.com\/en\/wp-json\/wp\/v2\/pages"}],"about":[{"href":"https:\/\/www.dexis-iberica.com\/en\/wp-json\/wp\/v2\/types\/page"}],"author":[{"embeddable":true,"href":"https:\/\/www.dexis-iberica.com\/en\/wp-json\/wp\/v2\/users\/1"}],"replies":[{"embeddable":true,"href":"https:\/\/www.dexis-iberica.com\/en\/wp-json\/wp\/v2\/comments?post=13687"}],"version-history":[{"count":0,"href":"https:\/\/www.dexis-iberica.com\/en\/wp-json\/wp\/v2\/pages\/13687\/revisions"}],"up":[{"embeddable":true,"href":"https:\/\/www.dexis-iberica.com\/en\/wp-json\/wp\/v2\/pages\/13686"}],"wp:attachment":[{"href":"https:\/\/www.dexis-iberica.com\/en\/wp-json\/wp\/v2\/media?parent=13687"}],"curies":[{"name":"wp","href":"https:\/\/api.w.org\/{rel}","templated":true}]}}